{"id":323,"date":"2025-09-01T16:42:10","date_gmt":"2025-09-01T14:42:10","guid":{"rendered":"https:\/\/izyfilms.fr\/?page_id=323"},"modified":"2025-09-01T18:08:53","modified_gmt":"2025-09-01T16:08:53","slug":"__trashed-5","status":"publish","type":"page","link":"https:\/\/izyfilms.fr\/?page_id=323","title":{"rendered":"Politique de confidentialit\u00e9"},"content":{"rendered":"\n<p><\/p>\n\n\n\n<p>IZY FILMS attache une grande importance \u00e0 la confidentialit\u00e9 des informations que vous nous transmettez.<\/p>\n\n\n\n<p><strong>1. Donn\u00e9es collect\u00e9es<\/strong><\/p>\n\n\n\n<p>Ce site ne collecte aucune donn\u00e9e personnelle via formulaire.<br>Si vous nous contactez par e-mail, vos donn\u00e9es (nom, pr\u00e9nom, adresse e-mail) seront utilis\u00e9es uniquement pour r\u00e9pondre \u00e0 votre demande.<\/p>\n\n\n\n<p><strong>2. Conservation des donn\u00e9es<\/strong><\/p>\n\n\n\n<p>Nous ne collectons aucune donn\u00e9e personnelle directement sur ce site.<br>Cependant, si vous nous contactez par e-mail, les informations que vous choisissez de nous transmettre (comme votre nom, pr\u00e9nom, adresse e-mail ou projet) seront utilis\u00e9es uniquement pour r\u00e9pondre \u00e0 votre message.<\/p>\n\n\n\n<p>Ces donn\u00e9es ne sont ni enregistr\u00e9es dans une base, ni transmises \u00e0 des tiers.<br>Elles sont conserv\u00e9es uniquement le temps n\u00e9cessaire pour \u00e9changer avec vous.<\/p>\n\n\n\n<p>Vous pouvez \u00e0 tout moment demander la suppression de vos messages ou informations personnelles en \u00e9crivant \u00e0 : <strong>contact@izyfilms.fr<\/strong><\/p>\n\n\n\n<p><strong>3. S\u00e9curit\u00e9<\/strong><\/p>\n\n\n\n<p>Nous mettons en place des mesures raisonnables pour prot\u00e9ger vos donn\u00e9es contre tout acc\u00e8s non autoris\u00e9 ou usage abusif.<\/p>\n\n\n\n<p><strong>4. Respect des projets, \u0153uvres &amp; candidatures envoy\u00e9s par mail<\/strong><\/p>\n\n\n\n<p>Nous recevons parfois des projets de films, sc\u00e9narios ou id\u00e9es par e-mail.<br>IZY FILMS <strong>s\u2019engage formellement<\/strong> \u00e0 respecter l\u2019int\u00e9grit\u00e9 de chaque projet envoy\u00e9.<br>Nous ne copions, ne reproduisons ni ne r\u00e9utilisons aucun contenu sans accord clair, explicite et \u00e9crit de son auteur\u00b7rice. Chaque cr\u00e9ation reste <strong>la propri\u00e9t\u00e9 de son ou sa cr\u00e9ateur\u00b7rice<\/strong>, et nous traitons chaque proposition avec s\u00e9rieux et confidentialit\u00e9.<\/p>\n\n\n\n<p><strong>5. Vos droits<\/strong><\/p>\n\n\n\n<p>Conform\u00e9ment \u00e0 la loi &#8220;Informatique et Libert\u00e9s&#8221; et au RGPD, vous disposez d\u2019un droit d\u2019acc\u00e8s, de rectification, de suppression ou d\u2019opposition concernant vos donn\u00e9es personnelles. Il vous suffit de nous \u00e9crire \u00e0 : contact@izyfilms.fr.<\/p>\n","protected":false},"excerpt":{"rendered":"<p>IZY FILMS attache une grande importance \u00e0 la confidentialit\u00e9 des informations que vous nous transmettez. 1. Donn\u00e9es collect\u00e9es Ce site ne collecte aucune donn\u00e9e personnelle via formulaire.Si vous nous contactez par e-mail, vos donn\u00e9es (nom, pr\u00e9nom, adresse e-mail) seront utilis\u00e9es uniquement pour r\u00e9pondre \u00e0 votre demande. 2. Conservation des donn\u00e9es Nous ne collectons aucune donn\u00e9e [&hellip;]<\/p>\n","protected":false},"author":1,"featured_media":0,"parent":0,"menu_order":0,"comment_status":"closed","ping_status":"closed","template":"","meta":{"footnotes":""},"class_list":["post-323","page","type-page","status-publish","hentry"],"_links":{"self":[{"href":"https:\/\/izyfilms.fr\/index.php?rest_route=\/wp\/v2\/pages\/323","targetHints":{"allow":["GET"]}}],"collection":[{"href":"https:\/\/izyfilms.fr\/index.php?rest_route=\/wp\/v2\/pages"}],"about":[{"href":"https:\/\/izyfilms.fr\/index.php?rest_route=\/wp\/v2\/types\/page"}],"author":[{"embeddable":true,"href":"https:\/\/izyfilms.fr\/index.php?rest_route=\/wp\/v2\/users\/1"}],"replies":[{"embeddable":true,"href":"https:\/\/izyfilms.fr\/index.php?rest_route=%2Fwp%2Fv2%2Fcomments&post=323"}],"version-history":[{"count":2,"href":"https:\/\/izyfilms.fr\/index.php?rest_route=\/wp\/v2\/pages\/323\/revisions"}],"predecessor-version":[{"id":368,"href":"https:\/\/izyfilms.fr\/index.php?rest_route=\/wp\/v2\/pages\/323\/revisions\/368"}],"wp:attachment":[{"href":"https:\/\/izyfilms.fr\/index.php?rest_route=%2Fwp%2Fv2%2Fmedia&parent=323"}],"curies":[{"name":"wp","href":"https:\/\/api.w.org\/{rel}","templated":true}]}}