{"id":326,"date":"2025-09-01T16:42:01","date_gmt":"2025-09-01T14:42:01","guid":{"rendered":"https:\/\/izyfilms.fr\/?page_id=326"},"modified":"2025-09-01T18:00:00","modified_gmt":"2025-09-01T16:00:00","slug":"__trashed-2","status":"publish","type":"page","link":"https:\/\/izyfilms.fr\/?page_id=326","title":{"rendered":"CONTACT"},"content":{"rendered":"\n<p><\/p>\n\n\n\n<p>Pour que votre message arrive au bon endroit, voici les adresses \u00e0 utiliser :<\/p>\n\n\n\n<p><strong>Questions g\u00e9n\u00e9rales<\/strong> (infos sur la soci\u00e9t\u00e9\u2026)<br>\ud83d\udc49 contact@izyfilms.fr<\/p>\n\n\n\n<p><strong>Candidatures &amp; projets<\/strong> (r\u00e9pondre \u00e0 l\u2019appel, proposer une id\u00e9e, partager votre univers)<br>\ud83d\udc49 production@izyfilms.fr<\/p>\n\n\n\n<p><strong>Co-productions &amp; collaborations professionnelles<\/strong><br>\ud83d\udc49 isabelle.veraldo@izyfilms.fr<\/p>\n\n\n\n<hr class=\"wp-block-separator has-alpha-channel-opacity\"\/>\n\n\n\n<p class=\"has-text-align-center\">\u2728 <em>Nous prenons le temps de lire chaque message. Merci de votre patience si la r\u00e9ponse met quelques jours \u00e0 arriver.<\/em><\/p>\n\n\n\n<p><\/p>\n","protected":false},"excerpt":{"rendered":"<p>Pour que votre message arrive au bon endroit, voici les adresses \u00e0 utiliser : Questions g\u00e9n\u00e9rales (infos sur la soci\u00e9t\u00e9\u2026)\ud83d\udc49 contact@izyfilms.fr Candidatures &amp; projets (r\u00e9pondre \u00e0 l\u2019appel, proposer une id\u00e9e, partager votre univers)\ud83d\udc49 production@izyfilms.fr Co-productions &amp; collaborations professionnelles\ud83d\udc49 isabelle.veraldo@izyfilms.fr \u2728 Nous prenons le temps de lire chaque message. Merci de votre patience si la r\u00e9ponse [&hellip;]<\/p>\n","protected":false},"author":1,"featured_media":0,"parent":0,"menu_order":0,"comment_status":"closed","ping_status":"closed","template":"","meta":{"footnotes":""},"class_list":["post-326","page","type-page","status-publish","hentry"],"_links":{"self":[{"href":"https:\/\/izyfilms.fr\/index.php?rest_route=\/wp\/v2\/pages\/326","targetHints":{"allow":["GET"]}}],"collection":[{"href":"https:\/\/izyfilms.fr\/index.php?rest_route=\/wp\/v2\/pages"}],"about":[{"href":"https:\/\/izyfilms.fr\/index.php?rest_route=\/wp\/v2\/types\/page"}],"author":[{"embeddable":true,"href":"https:\/\/izyfilms.fr\/index.php?rest_route=\/wp\/v2\/users\/1"}],"replies":[{"embeddable":true,"href":"https:\/\/izyfilms.fr\/index.php?rest_route=%2Fwp%2Fv2%2Fcomments&post=326"}],"version-history":[{"count":3,"href":"https:\/\/izyfilms.fr\/index.php?rest_route=\/wp\/v2\/pages\/326\/revisions"}],"predecessor-version":[{"id":364,"href":"https:\/\/izyfilms.fr\/index.php?rest_route=\/wp\/v2\/pages\/326\/revisions\/364"}],"wp:attachment":[{"href":"https:\/\/izyfilms.fr\/index.php?rest_route=%2Fwp%2Fv2%2Fmedia&parent=326"}],"curies":[{"name":"wp","href":"https:\/\/api.w.org\/{rel}","templated":true}]}}