{"id":347,"date":"2025-09-01T17:02:03","date_gmt":"2025-09-01T15:02:03","guid":{"rendered":"https:\/\/izyfilms.fr\/?page_id=347"},"modified":"2025-09-01T17:54:06","modified_gmt":"2025-09-01T15:54:06","slug":"__trashed-7","status":"publish","type":"page","link":"https:\/\/izyfilms.fr\/?page_id=347","title":{"rendered":"Mentions l\u00e9gales"},"content":{"rendered":"\n<p><strong>\u00c9diteur du site :<\/strong><br>Le pr\u00e9sent site est \u00e9dit\u00e9 par <strong>IZY FILMS<\/strong>,<br>SASU \u2013 Soci\u00e9t\u00e9 par actions simplifi\u00e9e unipersonnelle<br>Au capital social de 2 500 \u20ac<br>Si\u00e8ge social : 115, all\u00e9e des Verriers &#8211; 13400 Aubagne<br>SIREN : 930 943 733<br>SIRET : 930 943 733 00012<br>TVA intracommunautaire : FR33930943733<br>RCS : 930 943 733 R.C.S. Marseille<br>Inscrite au RCS de Marseille le 16\/07\/2024<br>Directrice de la publication : Isabelle VERALDO<\/p>\n\n\n\n<p><strong>H\u00e9bergement :<\/strong><br>Le site est h\u00e9berg\u00e9 par <strong>OVH<\/strong><br>OVH SAS \u2013 2 rue Kellermann \u2013 59100 Roubaix \u2013 France<br>T\u00e9l\u00e9phone : 1007<br>Site : <a href=\"https:\/\/www.ovh.com\/\">https:\/\/www.ovh.com<\/a><\/p>\n\n\n\n<p><strong>Propri\u00e9t\u00e9 intellectuelle :<\/strong><br>Tous les contenus pr\u00e9sents sur ce site (textes, images, vid\u00e9os, logo, etc.) sont la propri\u00e9t\u00e9 exclusive d\u2019IZY FILMS, sauf mention contraire. Toute reproduction, repr\u00e9sentation ou diffusion, m\u00eame partielle, sans autorisation \u00e9crite pr\u00e9alable est interdite.<\/p>\n\n\n\n<p><strong>Contact :<\/strong><br>Pour toute question, vous pouvez nous contacter \u00e0 l\u2019adresse suivante : contact@izyfilms.fr<\/p>\n\n\n\n<p><strong>Donn\u00e9es personnelles et cookies :<\/strong><br>Ce site peut utiliser des cookies \u00e0 des fins de mesure d\u2019audience ou de fonctionnement. Aucune donn\u00e9e personnelle n\u2019est collect\u00e9e \u00e0 votre insu. Pour plus d\u2019informations sur l\u2019utilisation des donn\u00e9es, veuillez consulter notre politique de confidentialit\u00e9.<\/p>\n","protected":false},"excerpt":{"rendered":"<p>\u00c9diteur du site :Le pr\u00e9sent site est \u00e9dit\u00e9 par IZY FILMS,SASU \u2013 Soci\u00e9t\u00e9 par actions simplifi\u00e9e unipersonnelleAu capital social de 2 500 \u20acSi\u00e8ge social : 115, all\u00e9e des Verriers &#8211; 13400 AubagneSIREN : 930 943 733SIRET : 930 943 733 00012TVA intracommunautaire : FR33930943733RCS : 930 943 733 R.C.S. MarseilleInscrite au RCS de Marseille le [&hellip;]<\/p>\n","protected":false},"author":1,"featured_media":0,"parent":0,"menu_order":0,"comment_status":"closed","ping_status":"closed","template":"","meta":{"footnotes":""},"class_list":["post-347","page","type-page","status-publish","hentry"],"_links":{"self":[{"href":"https:\/\/izyfilms.fr\/index.php?rest_route=\/wp\/v2\/pages\/347","targetHints":{"allow":["GET"]}}],"collection":[{"href":"https:\/\/izyfilms.fr\/index.php?rest_route=\/wp\/v2\/pages"}],"about":[{"href":"https:\/\/izyfilms.fr\/index.php?rest_route=\/wp\/v2\/types\/page"}],"author":[{"embeddable":true,"href":"https:\/\/izyfilms.fr\/index.php?rest_route=\/wp\/v2\/users\/1"}],"replies":[{"embeddable":true,"href":"https:\/\/izyfilms.fr\/index.php?rest_route=%2Fwp%2Fv2%2Fcomments&post=347"}],"version-history":[{"count":2,"href":"https:\/\/izyfilms.fr\/index.php?rest_route=\/wp\/v2\/pages\/347\/revisions"}],"predecessor-version":[{"id":358,"href":"https:\/\/izyfilms.fr\/index.php?rest_route=\/wp\/v2\/pages\/347\/revisions\/358"}],"wp:attachment":[{"href":"https:\/\/izyfilms.fr\/index.php?rest_route=%2Fwp%2Fv2%2Fmedia&parent=347"}],"curies":[{"name":"wp","href":"https:\/\/api.w.org\/{rel}","templated":true}]}}