{"id":360,"date":"2025-09-01T17:57:36","date_gmt":"2025-09-01T15:57:36","guid":{"rendered":"https:\/\/izyfilms.fr\/?page_id=360"},"modified":"2025-10-14T10:36:21","modified_gmt":"2025-10-14T08:36:21","slug":"appel-a-candidature","status":"publish","type":"page","link":"https:\/\/izyfilms.fr\/?page_id=360","title":{"rendered":"Et si nous faisions \u00e9quipe ?"},"content":{"rendered":"\n<p><\/p>\n\n\n\n<p>Chez IZY FILMS, on ne cherche pas seulement des projets : on cherche avant tout des personnes.<br>Des auteur\u00b7rice\u00b7s, des r\u00eaveur\u00b7se\u00b7s, des cr\u00e9ateur\u00b7rice\u00b7s qui ont une voix singuli\u00e8re et l\u2019envie de la partager. Parce qu\u2019un film, ce n\u2019est pas qu\u2019un sc\u00e9nario : c\u2019est une rencontre, une vision, une aventure commune.<\/p>\n\n\n\n<p>Nous voulons construire des relations r\u00e9ciproques, o\u00f9 vous choisissez autant que nous.<\/p>\n\n\n\n<hr class=\"wp-block-separator has-alpha-channel-opacity\"\/>\n\n\n\n<p><strong>Comment candidater ?<\/strong><\/p>\n\n\n\n<p>Votre candidature doit comporter <strong>deux \u00e9l\u00e9ments obligatoires<\/strong> :<\/p>\n\n\n\n<ol start=\"1\" class=\"wp-block-list\">\n<li><strong>Une pr\u00e9sentation de vous<\/strong> \u2013 dans la forme qui vous ressemble (vid\u00e9o, texte, audio, collage photo, moodboard\u2026).<br>Elle doit nous permettre de d\u00e9couvrir <strong>votre univers artistique et personnel<\/strong>.<\/li>\n\n\n\n<li><strong>Une note d\u2019intention<\/strong> \u2013 quelques lignes pour nous dire :\n<ul class=\"wp-block-list\">\n<li>pourquoi vous voulez raconter des histoires,<\/li>\n\n\n\n<li>pourquoi le cin\u00e9ma,<\/li>\n\n\n\n<li>ce que vous aimeriez explorer.<\/li>\n<\/ul>\n<\/li>\n<\/ol>\n\n\n\n<p>Vous pouvez si vous le souhaitez ajouter <strong>des projets en cours ou d\u00e9j\u00e0 r\u00e9alis\u00e9s<\/strong>.<br>Peu importe la forme : court-m\u00e9trage, clip, \u00e9crit, photo, musique, etc. Ce n\u2019est pas obligatoire.<\/p>\n\n\n\n<p>Ce qui compte pour nous : <strong>votre sinc\u00e9rit\u00e9, votre envie, votre regard sur le monde.<\/strong><\/p>\n\n\n\n<hr class=\"wp-block-separator has-alpha-channel-opacity\"\/>\n\n\n\n<p><strong>Calendrier<\/strong><\/p>\n\n\n\n<p>Vous pouvez envoyer votre candidature jusqu\u2019au <strong>31 d\u00e9cembre 202<\/strong>5.<\/p>\n\n\n\n<p>Envoyez vos \u00e9l\u00e9ments par mail \u00e0 : <strong>production@izyfilms.fr<\/strong><br>Objet : <em>Candidature IZY FILMS \u2013 [Votre pr\u00e9nom + nom]<\/em><\/p>\n\n\n\n<p>Une fois votre candidature envoy\u00e9e, nous prendrons le temps de la d\u00e9couvrir dans son int\u00e9gralit\u00e9. Si votre univers r\u00e9sonne avec le n\u00f4tre, nous vous recontacterons pour \u00e9changer de vive voix. L\u2019id\u00e9e n\u2019est pas seulement de s\u00e9lectionner un projet, mais de se rencontrer, de partager nos visions, et de voir si l\u2019envie de travailler ensemble est mutuelle. Cependant, si, \u00e0 ce stade nous ne poursuivons pas ensemble, sachez que cela ne remet absolument pas en cause la qualit\u00e9 de votre travail, de votre univers : cela signifie simplement que nos lignes \u00e9ditoriales n&#8217;entrent pas en r\u00e9sonance mutuelle \u00e0 ce moment pr\u00e9cis.<\/p>\n\n\n\n<p><\/p>\n","protected":false},"excerpt":{"rendered":"<p>Chez IZY FILMS, on ne cherche pas seulement des projets : on cherche avant tout des personnes.Des auteur\u00b7rice\u00b7s, des r\u00eaveur\u00b7se\u00b7s, des cr\u00e9ateur\u00b7rice\u00b7s qui ont une voix singuli\u00e8re et l\u2019envie de la partager. Parce qu\u2019un film, ce n\u2019est pas qu\u2019un sc\u00e9nario : c\u2019est une rencontre, une vision, une aventure commune. Nous voulons construire des relations r\u00e9ciproques, [&hellip;]<\/p>\n","protected":false},"author":1,"featured_media":0,"parent":0,"menu_order":0,"comment_status":"closed","ping_status":"closed","template":"","meta":{"footnotes":""},"class_list":["post-360","page","type-page","status-publish","hentry"],"_links":{"self":[{"href":"https:\/\/izyfilms.fr\/index.php?rest_route=\/wp\/v2\/pages\/360","targetHints":{"allow":["GET"]}}],"collection":[{"href":"https:\/\/izyfilms.fr\/index.php?rest_route=\/wp\/v2\/pages"}],"about":[{"href":"https:\/\/izyfilms.fr\/index.php?rest_route=\/wp\/v2\/types\/page"}],"author":[{"embeddable":true,"href":"https:\/\/izyfilms.fr\/index.php?rest_route=\/wp\/v2\/users\/1"}],"replies":[{"embeddable":true,"href":"https:\/\/izyfilms.fr\/index.php?rest_route=%2Fwp%2Fv2%2Fcomments&post=360"}],"version-history":[{"count":9,"href":"https:\/\/izyfilms.fr\/index.php?rest_route=\/wp\/v2\/pages\/360\/revisions"}],"predecessor-version":[{"id":374,"href":"https:\/\/izyfilms.fr\/index.php?rest_route=\/wp\/v2\/pages\/360\/revisions\/374"}],"wp:attachment":[{"href":"https:\/\/izyfilms.fr\/index.php?rest_route=%2Fwp%2Fv2%2Fmedia&parent=360"}],"curies":[{"name":"wp","href":"https:\/\/api.w.org\/{rel}","templated":true}]}}